{"id":112710,"date":"2022-11-22T09:53:38","date_gmt":"2022-11-22T07:53:38","guid":{"rendered":"https:\/\/studiocalypso.com\/?page_id=112710"},"modified":"2024-10-01T16:21:57","modified_gmt":"2024-10-01T14:21:57","slug":"mixtapes","status":"publish","type":"page","link":"https:\/\/studiocalypso.com\/fr\/mixtapes\/","title":{"rendered":"Mixtapes"},"content":{"rendered":"<div class=\"wpb-content-wrapper\"><div data-parent=\"true\" class=\"vc_row row-container\" id=\"row-unique-0\"><div class=\"row limit-width row-parent\"><div class=\"wpb_row row-inner\"><div class=\"wpb_column pos-top pos-center align_left column_parent col-lg-12 single-internal-gutter\"><div class=\"uncol style-dark\"  ><div class=\"uncoltable\"><div class=\"uncell no-block-padding\" ><div class=\"uncont\" ><div class=\"empty-space empty-double mobile-hidden\" ><span class=\"empty-space-inner\"><\/span><\/div>\n<div class=\"empty-space empty-single desktop-hidden tablet-hidden\" ><span class=\"empty-space-inner\"><\/span><\/div>\n<div class=\"vc_custom_heading_wrap tablet-hidden mobile-hidden\"><div class=\"heading-text el-text\" ><h2 class=\"font-197917 fontsize-171707 fontspace-359671 font-weight-500\" ><span>Mixtape playlists par Studio Calypso h\u00e9berg\u00e9es sur Spotify<\/span><\/h2><\/div><div class=\"clear\"><\/div><\/div><div class=\"vc_custom_heading_wrap desktop-hidden\"><div class=\"heading-text el-text\" ><h2 class=\"font-197917 fontsize-171707 fontspace-359671 font-weight-500\" ><span>Mixtape playlists<\/span><\/h2><\/div><div class=\"clear\"><\/div><\/div><div class=\"empty-space empty-half\" ><span class=\"empty-space-inner\"><\/span><\/div>\n<div class=\"empty-space empty-quart\" ><span class=\"empty-space-inner\"><\/span><\/div>\n<div class=\"vc_custom_heading_wrap\"><div class=\"heading-text el-text\" ><h2 class=\"font-197917 fontsize-211665 fontheight-357766 fontspace-359671 font-weight-500\" ><span>#01 - (3-Pm Rec.) - un voyage magique soigneusement s\u00e9lectionn\u00e9, m\u00e9langeant des grooves anciens et nouveaux - balearic, 80s, belpop, synth, boogy et funk, id\u00e9al pour votre apr\u00e8s-midi cr\u00e9atif.<\/span><\/h2><\/div><div class=\"clear\"><\/div><\/div><div class=\"empty-space empty-single tablet-hidden mobile-hidden\" ><span class=\"empty-space-inner\"><\/span><\/div>\n\n\t<div class=\"wpb_raw_code wpb_raw_html\" >\n\t\t<div class=\"wpb_wrapper\">\n\t\t\t<iframe style=\"border-radius:12px\" src=\"https:\/\/open.spotify.com\/embed\/playlist\/0svbMQMqABjoEP2Qe9UcaG?utm_source=generator&theme=0\" width=\"100%\" height=\"380\" frameborder=\"0\" allowfullscreen=\"\" allow=\"autoplay; clipboard-write; encrypted-media; fullscreen; picture-in-picture\" loading=\"lazy\"><\/iframe>\n\t\t<\/div>\n\t<\/div>\n<div class=\"empty-space empty-triple\" ><span class=\"empty-space-inner\"><\/span><\/div>\n<div class=\"vc_custom_heading_wrap\"><div class=\"heading-text el-text\" ><h2 class=\"font-197917 fontsize-211665 fontheight-357766 fontspace-359671 font-weight-500\" ><span>#02 - (6-Am Rec.) - un r\u00e9veil matinal soigneusement s\u00e9lectionn\u00e9 - balearic, belpop, synth\u00e9, boogy et funk pour vos escapades matinales.<\/span><\/h2><\/div><div class=\"clear\"><\/div><\/div><div class=\"empty-space empty-single tablet-hidden mobile-hidden\" ><span class=\"empty-space-inner\"><\/span><\/div>\n\n\t<div class=\"wpb_raw_code wpb_raw_html\" >\n\t\t<div class=\"wpb_wrapper\">\n\t\t\t<iframe style=\"border-radius:12px\" src=\"https:\/\/open.spotify.com\/embed\/playlist\/11rHm2Hxurj3w9xPHghpG4?utm_source=generator&theme=0\" width=\"100%\" height=\"380\" frameborder=\"0\" allowfullscreen=\"\" allow=\"autoplay; clipboard-write; encrypted-media; fullscreen; picture-in-picture\" loading=\"lazy\"><\/iframe>\n\t\t<\/div>\n\t<\/div>\n<div class=\"empty-space empty-quart\" ><span class=\"empty-space-inner\"><\/span><\/div>\n<div class=\"empty-space empty-triple\" ><span class=\"empty-space-inner\"><\/span><\/div>\n<div class=\"empty-space empty-single\" ><span class=\"empty-space-inner\"><\/span><\/div>\n<\/div><\/div><\/div><\/div><\/div><script id=\"script-row-unique-0\" data-row=\"script-row-unique-0\" type=\"text\/javascript\" class=\"vc_controls\">UNCODE.initRow(document.getElementById(\"row-unique-0\"));<\/script><\/div><\/div><\/div>\n<\/div>","protected":false},"excerpt":{"rendered":"Mixtape playlists by Studio Calypso hosted on SpotifyMixtape playlists #01\u00a0 \u00a0\u2014\u00a0 \u00a0 (3-Pm Rec.)\u00a0 \u00a0\u2014\u00a0 \u00a0a carefully selected magical trip [...]","protected":false},"author":1,"featured_media":122877,"parent":0,"menu_order":0,"comment_status":"closed","ping_status":"closed","template":"","meta":{"wds_primary_page_category":0,"footnotes":""},"class_list":["post-112710","page","type-page","status-publish","has-post-thumbnail","hentry"],"_links":{"self":[{"href":"https:\/\/studiocalypso.com\/fr\/wp-json\/wp\/v2\/pages\/112710","targetHints":{"allow":["GET"]}}],"collection":[{"href":"https:\/\/studiocalypso.com\/fr\/wp-json\/wp\/v2\/pages"}],"about":[{"href":"https:\/\/studiocalypso.com\/fr\/wp-json\/wp\/v2\/types\/page"}],"author":[{"embeddable":true,"href":"https:\/\/studiocalypso.com\/fr\/wp-json\/wp\/v2\/users\/1"}],"replies":[{"embeddable":true,"href":"https:\/\/studiocalypso.com\/fr\/wp-json\/wp\/v2\/comments?post=112710"}],"version-history":[{"count":3,"href":"https:\/\/studiocalypso.com\/fr\/wp-json\/wp\/v2\/pages\/112710\/revisions"}],"predecessor-version":[{"id":123276,"href":"https:\/\/studiocalypso.com\/fr\/wp-json\/wp\/v2\/pages\/112710\/revisions\/123276"}],"wp:featuredmedia":[{"embeddable":true,"href":"https:\/\/studiocalypso.com\/fr\/wp-json\/wp\/v2\/media\/122877"}],"wp:attachment":[{"href":"https:\/\/studiocalypso.com\/fr\/wp-json\/wp\/v2\/media?parent=112710"}],"curies":[{"name":"wp","href":"https:\/\/api.w.org\/{rel}","templated":true}]}}