{"id":115913,"date":"2023-12-12T17:32:47","date_gmt":"2023-12-12T15:32:47","guid":{"rendered":"https:\/\/studiocalypso.com\/?page_id=115913"},"modified":"2025-06-03T16:28:13","modified_gmt":"2025-06-03T14:28:13","slug":"dentreprise","status":"publish","type":"page","link":"https:\/\/studiocalypso.com\/fr\/work\/dentreprise\/","title":{"rendered":"Work \/ Corporate"},"content":{"rendered":"<div class=\"wpb-content-wrapper\"><div data-parent=\"true\" class=\"vc_row row-container\" id=\"row-unique-0\"><div class=\"row col-double-gutter no-top-padding single-bottom-padding no-h-padding full-width row-parent\"><div class=\"wpb_row row-inner\"><div class=\"wpb_column pos-top pos-left align_left column_parent col-lg-6 tablet-hidden mobile-hidden single-internal-gutter z_index_10\"><div class=\"uncol style-light sticky-element sticky-sidebar shift_y_neg_triple shift_y_fixed\"  ><div class=\"uncoltable\"><div class=\"uncell no-block-padding\" ><div class=\"uncont\" style=\" max-width:82%;\" ><div class=\"empty-space empty-triple desktop-hidden\" ><span class=\"empty-space-inner\"><\/span><\/div>\n<div class=\"uncode-single-media  text-left\"><div class=\"single-wrapper\" style=\"max-width: 100%;\"><div class=\"tmb tmb-light  tmb-media-first tmb-media-last tmb-content-overlay tmb-no-bg\"><div class=\"t-inside\"><div class=\"t-entry-visual\"><div class=\"t-entry-visual-tc\"><div class=\"uncode-single-media-wrapper\"><img decoding=\"async\" class=\"wp-image-123229\" src=\"https:\/\/studiocalypso.com\/wp-content\/uploads\/2024\/09\/CORPORATEZWARTWIT_OO4-scaled.jpg\" width=\"1076\" height=\"2048\" alt=\"\" srcset=\"https:\/\/studiocalypso.com\/wp-content\/uploads\/2024\/09\/CORPORATEZWARTWIT_OO4-scaled.jpg 1076w, https:\/\/studiocalypso.com\/wp-content\/uploads\/2024\/09\/CORPORATEZWARTWIT_OO4-158x300.jpg 158w, https:\/\/studiocalypso.com\/wp-content\/uploads\/2024\/09\/CORPORATEZWARTWIT_OO4-538x1024.jpg 538w, https:\/\/studiocalypso.com\/wp-content\/uploads\/2024\/09\/CORPORATEZWARTWIT_OO4-768x1461.jpg 768w, https:\/\/studiocalypso.com\/wp-content\/uploads\/2024\/09\/CORPORATEZWARTWIT_OO4-807x1536.jpg 807w, https:\/\/studiocalypso.com\/wp-content\/uploads\/2024\/09\/CORPORATEZWARTWIT_OO4-6x12.jpg 6w, https:\/\/studiocalypso.com\/wp-content\/uploads\/2024\/09\/CORPORATEZWARTWIT_OO4-350x666.jpg 350w, https:\/\/studiocalypso.com\/wp-content\/uploads\/2024\/09\/CORPORATEZWARTWIT_OO4-600x1142.jpg 600w\" sizes=\"(max-width: 1076px) 100vw, 1076px\" \/><\/div>\n\t\t\t\t\t<\/div>\n\t\t\t\t<\/div><\/div><\/div><\/div><\/div><div class=\"empty-space empty-quad tablet-hidden mobile-hidden\" ><span class=\"empty-space-inner\"><\/span><\/div>\n<div class=\"vc_row row-internal row-container tablet-hidden mobile-hidden\"><div class=\"row row-child\"><div class=\"wpb_row row-inner\"><div class=\"wpb_column pos-top pos-center align_left column_child col-lg-3 single-internal-gutter\"><div class=\"uncol style-light\" ><div class=\"uncoltable\"><div class=\"uncell no-block-padding\" ><div class=\"uncont\" ><\/div><\/div><\/div><\/div><\/div><div class=\"wpb_column pos-top pos-center align_left column_child col-lg-9 half-internal-gutter\" id=\"padding_mobiel\"><div class=\"uncol style-light\" ><div class=\"uncoltable\"><div class=\"uncell no-block-padding\" ><div class=\"uncont\" ><div class=\"vc_custom_heading_wrap\"><div class=\"heading-text el-text\" ><h1 class=\"font-310556 fontsize-580450 fontheight-179065 fontspace-564757 font-weight-300 text-color-jevc-color text-uppercase\" ><span>ASSIS<\/p><\/span><span><p>AUTOUR DE VOTRE PROJET ?<\/span><\/h1><\/div><div class=\"clear\"><\/div><\/div><div class=\"vc_custom_heading_wrap\"><div class=\"heading-text el-text\" ><h6 class=\"font-310556 fontsize-11300082 fontheight-344606 fontspace-564757 font-weight-300 text-color-jevc-color\" ><span>Ci-dessus, vous pouvez voir quelques projets. Ci-dessous, vous pouvez voir quelques<\/p><\/span><span><p>clients. Avez-vous un nouveau projet ou une nouvelle id\u00e9e qui vous est propre et qui<\/p><\/span><span><p>aurait besoin d'un regard neuf ?<\/span><\/h6><\/div><div class=\"clear\"><\/div><\/div><span class=\"btn-container\" ><a href=\"https:\/\/studiocalypso.com\/fr\/afspraakmaken\/\" class=\"custom-link btn btn-custom-typo font-377884 font-weight-700 text-initial fontspace-564757 border-width-0 btn-color-396599 btn-square btn-outline btn-icon-right\" title=\"Contact\">PRENDRE UN RENDEZ-VOUS<i class=\"fa fa-arrow-right2\"><\/i><\/a><\/span><\/div><\/div><\/div><\/div><\/div><\/div><\/div><\/div><div class=\"empty-space empty-double\" ><span class=\"empty-space-inner\"><\/span><\/div>\n<\/div><\/div><\/div><\/div><\/div><div class=\"wpb_column pos-top pos-center align_left column_parent col-lg-6 paddingright_portfolio single-internal-gutter\"><div class=\"uncol style-light\"  ><div class=\"uncoltable\"><div class=\"uncell no-block-padding\" ><div class=\"uncont\" style=\" max-width:90%;\" ><div class=\"empty-space empty-quart\" ><span class=\"empty-space-inner\"><\/span><\/div>\n<div class=\"empty-space empty-double desktop-hidden\" ><span class=\"empty-space-inner\"><\/span><\/div>\n<div id=\"index-145610-shops\" class=\"isotope-system isotope-general-light grid-general-light homepagepostselement\" >\n\n\t\t\t\t\t\t\t\t<div class=\"isotope-wrapper grid-wrapper single-gutter\" >\t\t\t\t\t\t\t\t\t<div class=\"isotope-container grid-container isotope-layout style-masonry isotope-pagination grid-pagination\" data-type=\"masonry\" data-layout=\"masonry\" data-lg=\"1000\" data-md=\"600\" data-sm=\"480\" data-vp-height=\"\"><div class=\"tmb atc-typography-inherit tmb-iso-w3 tmb-iso-h4 tmb-light tmb-overlay-text-anim tmb-content-left tmb-show-secondary tmb-entry-title-uppercase  grid-cat-401 tmb-id-115981 tmb-content-under tmb-media-first tmb-no-bg\" ><div class=\"t-inside no-anim\" ><div class=\"t-entry-visual\"><div class=\"t-entry-visual-tc\"><div class=\"t-entry-visual-cont\"><div class=\"dummy secondary-dummy-image\" style=\"padding-top: 100%;background-image:url(https:\/\/studiocalypso.com\/wp-content\/uploads\/2023\/12\/aeroconsult_bwR.jpg);\"><\/div><a tabindex=\"-1\" href=\"https:\/\/studiocalypso.com\/fr\/portfolio\/aeroconsult\/\" class=\"pushed\" target=\"_self\" data-lb-index=\"0\"><div class=\"t-entry-visual-overlay\"><div class=\"t-entry-visual-overlay-in style-dark-bg\" style=\"opacity: 0.5;\"><\/div><\/div><img decoding=\"async\" class=\"has-secondary-featured-image wp-image-115995\" src=\"https:\/\/studiocalypso.com\/wp-content\/uploads\/2023\/12\/aeroconsult_bw.jpg\" width=\"572\" height=\"572\" alt=\"\" srcset=\"https:\/\/studiocalypso.com\/wp-content\/uploads\/2023\/12\/aeroconsult_bw.jpg 572w, https:\/\/studiocalypso.com\/wp-content\/uploads\/2023\/12\/aeroconsult_bw-300x300.jpg 300w, https:\/\/studiocalypso.com\/wp-content\/uploads\/2023\/12\/aeroconsult_bw-150x150.jpg 150w, https:\/\/studiocalypso.com\/wp-content\/uploads\/2023\/12\/aeroconsult_bw-100x100.jpg 100w\" sizes=\"(max-width: 572px) 100vw, 572px\" \/><\/a><\/div>\n\t\t\t\t\t<\/div>\n\t\t\t\t<\/div><div class=\"t-entry-text\">\n\t\t\t\t\t\t\t\t\t<div class=\"t-entry-text-tc single-block-padding\"><div class=\"t-entry\"><p class=\"t-entry-meta\"><span class=\"t-entry-category\"><a class=\"\" href=\"https:\/\/studiocalypso.com\/fr\/portfolio_cat\/climatiseur\/\">climatiseur<\/a><\/span><\/p><h3 class=\"t-entry-title h3 fontspace-564757 title-scale\"><a href=\"https:\/\/studiocalypso.com\/fr\/portfolio\/aeroconsult\/\" target=\"_self\">AEROCONSULT<\/a><\/h3><div class=\"t-entry-excerpt\"><p>D\u00e9veloppement d'une boutique en ligne compl\u00e9t\u00e9e par une s\u00e9lection de plugins marketing.<\/p>\n<\/div><div class=\"spacer spacer-one single-space\"><\/div><\/div><\/div>\n\t\t\t\t\t\t\t<\/div><\/div><\/div><div class=\"tmb atc-typography-inherit tmb-iso-w3 tmb-iso-h4 tmb-light tmb-overlay-text-anim tmb-content-left tmb-show-secondary tmb-entry-title-uppercase  grid-cat-419 tmb-id-118167 tmb-content-under tmb-media-first tmb-no-bg\" ><div class=\"t-inside no-anim\" ><div class=\"t-entry-visual\"><div class=\"t-entry-visual-tc\"><div class=\"t-entry-visual-cont\"><div class=\"dummy secondary-dummy-image\" style=\"padding-top: 131.1%;background-image:url(https:\/\/studiocalypso.com\/wp-content\/uploads\/2024\/01\/sureal_2bwR.jpg);\"><\/div><a tabindex=\"-1\" href=\"https:\/\/studiocalypso.com\/fr\/portfolio\/sureal\/\" class=\"pushed\" target=\"_self\" data-lb-index=\"1\"><div class=\"t-entry-visual-overlay\"><div class=\"t-entry-visual-overlay-in style-dark-bg\" style=\"opacity: 0.5;\"><\/div><\/div><img decoding=\"async\" class=\"has-secondary-featured-image wp-image-118422\" src=\"https:\/\/studiocalypso.com\/wp-content\/uploads\/2024\/01\/sureal_bw2.jpg\" width=\"572\" height=\"750\" alt=\"\" srcset=\"https:\/\/studiocalypso.com\/wp-content\/uploads\/2024\/01\/sureal_bw2.jpg 572w, https:\/\/studiocalypso.com\/wp-content\/uploads\/2024\/01\/sureal_bw2-229x300.jpg 229w\" sizes=\"(max-width: 572px) 100vw, 572px\" \/><\/a><\/div>\n\t\t\t\t\t<\/div>\n\t\t\t\t<\/div><div class=\"t-entry-text\">\n\t\t\t\t\t\t\t\t\t<div class=\"t-entry-text-tc single-block-padding\"><div class=\"t-entry\"><p class=\"t-entry-meta\"><span class=\"t-entry-category\"><a class=\"\" href=\"https:\/\/studiocalypso.com\/fr\/portfolio_cat\/conseil\/\">Conseil<\/a><\/span><\/p><h3 class=\"t-entry-title h3 fontspace-564757 title-scale\"><a href=\"https:\/\/studiocalypso.com\/fr\/portfolio\/sureal\/\" target=\"_self\">SUREAL<\/a><\/h3><div class=\"t-entry-excerpt\"><p>D\u00e9veloppement et conception d'un site pour la soci\u00e9t\u00e9 de conseil SuReal.<\/p>\n<\/div><div class=\"spacer spacer-one single-space\"><\/div><\/div><\/div>\n\t\t\t\t\t\t\t<\/div><\/div><\/div><div class=\"tmb atc-typography-inherit tmb-iso-w3 tmb-iso-h4 tmb-light tmb-overlay-text-anim tmb-content-left tmb-show-secondary tmb-entry-title-uppercase  grid-cat-426 tmb-id-118094 tmb-content-under tmb-media-first tmb-no-bg\" ><div class=\"t-inside no-anim\" ><div class=\"t-entry-visual\"><div class=\"t-entry-visual-tc\"><div class=\"t-entry-visual-cont\"><div class=\"dummy secondary-dummy-image\" style=\"padding-top: 131.1%;background-image:url(https:\/\/studiocalypso.com\/wp-content\/uploads\/2024\/01\/gysg_bwR2.jpg);\"><\/div><a tabindex=\"-1\" href=\"https:\/\/studiocalypso.com\/fr\/portfolio\/groupe-gyseman\/\" class=\"pushed\" target=\"_self\" data-lb-index=\"2\"><div class=\"t-entry-visual-overlay\"><div class=\"t-entry-visual-overlay-in style-dark-bg\" style=\"opacity: 0.5;\"><\/div><\/div><img decoding=\"async\" class=\"has-secondary-featured-image wp-image-118166\" src=\"https:\/\/studiocalypso.com\/wp-content\/uploads\/2024\/01\/gysg_bw2.jpg\" width=\"572\" height=\"750\" alt=\"\" srcset=\"https:\/\/studiocalypso.com\/wp-content\/uploads\/2024\/01\/gysg_bw2.jpg 572w, https:\/\/studiocalypso.com\/wp-content\/uploads\/2024\/01\/gysg_bw2-229x300.jpg 229w\" sizes=\"(max-width: 572px) 100vw, 572px\" \/><\/a><\/div>\n\t\t\t\t\t<\/div>\n\t\t\t\t<\/div><div class=\"t-entry-text\">\n\t\t\t\t\t\t\t\t\t<div class=\"t-entry-text-tc single-block-padding\"><div class=\"t-entry\"><p class=\"t-entry-meta\"><span class=\"t-entry-category\"><a class=\"\" href=\"https:\/\/studiocalypso.com\/fr\/portfolio_cat\/financer\/\">financer<\/a><\/span><\/p><h3 class=\"t-entry-title h3 fontspace-564757 title-scale\"><a href=\"https:\/\/studiocalypso.com\/fr\/portfolio\/groupe-gyseman\/\" target=\"_self\">GROUPE GYSEMANS<\/a><\/h3><div class=\"t-entry-excerpt\"><p>D\u00e9veloppement d\u00e9taill\u00e9 du site selon la conception graphique.<\/p>\n<\/div><div class=\"spacer spacer-one single-space\"><\/div><\/div><\/div>\n\t\t\t\t\t\t\t<\/div><\/div><\/div><div class=\"tmb atc-typography-inherit tmb-iso-w3 tmb-iso-h4 tmb-light tmb-overlay-text-anim tmb-content-left tmb-show-secondary tmb-entry-title-uppercase  grid-cat-402 tmb-id-115704 tmb-content-under tmb-media-first tmb-no-bg\" ><div class=\"t-inside no-anim\" ><div class=\"t-entry-visual\"><div class=\"t-entry-visual-tc\"><div class=\"t-entry-visual-cont\"><div class=\"dummy secondary-dummy-image\" style=\"padding-top: 131.1%;background-image:url(https:\/\/studiocalypso.com\/wp-content\/uploads\/2023\/12\/PWHI_bwr.jpg);\"><\/div><a tabindex=\"-1\" href=\"https:\/\/studiocalypso.com\/fr\/portfolio\/port-work-innovation-hub\/\" class=\"pushed\" target=\"_self\" data-lb-index=\"3\"><div class=\"t-entry-visual-overlay\"><div class=\"t-entry-visual-overlay-in style-dark-bg\" style=\"opacity: 0.5;\"><\/div><\/div><img decoding=\"async\" class=\"has-secondary-featured-image wp-image-115803\" src=\"https:\/\/studiocalypso.com\/wp-content\/uploads\/2023\/12\/PWHI_bw.jpg\" width=\"572\" height=\"750\" alt=\"\" srcset=\"https:\/\/studiocalypso.com\/wp-content\/uploads\/2023\/12\/PWHI_bw.jpg 572w, https:\/\/studiocalypso.com\/wp-content\/uploads\/2023\/12\/PWHI_bw-229x300.jpg 229w\" sizes=\"(max-width: 572px) 100vw, 572px\" \/><\/a><\/div>\n\t\t\t\t\t<\/div>\n\t\t\t\t<\/div><div class=\"t-entry-text\">\n\t\t\t\t\t\t\t\t\t<div class=\"t-entry-text-tc single-block-padding\"><div class=\"t-entry\"><p class=\"t-entry-meta\"><span class=\"t-entry-category\"><a class=\"\" href=\"https:\/\/studiocalypso.com\/fr\/portfolio_cat\/linnovation\/\">l'innovation<\/a><\/span><\/p><h3 class=\"t-entry-title h3 fontspace-564757 title-scale\"><a href=\"https:\/\/studiocalypso.com\/fr\/portfolio\/port-work-innovation-hub\/\" target=\"_self\">CENTRE D'INNOVATION DE PORT WORK<\/a><\/h3><div class=\"t-entry-excerpt\"><p>D\u00e9veloppement d'un site pour le centre d'innovation du travail portuaire<\/p>\n<\/div><div class=\"spacer spacer-one single-space\"><\/div><\/div><\/div>\n\t\t\t\t\t\t\t<\/div><\/div><\/div><\/div>\t\n\n\n<\/div>    <\/div>\n<div class=\"empty-space empty-double\" ><span class=\"empty-space-inner\"><\/span><\/div>\n<\/div><\/div><\/div><\/div><\/div><script id=\"script-row-unique-0\" data-row=\"script-row-unique-0\" type=\"text\/javascript\" class=\"vc_controls\">UNCODE.initRow(document.getElementById(\"row-unique-0\"));<\/script><\/div><\/div><\/div><div data-parent=\"true\" class=\"vc_row row-container desktop-hidden tablet-hidden\" id=\"row-unique-1\"><div class=\"row no-top-padding no-bottom-padding no-h-padding full-width row-parent\"><div class=\"wpb_row row-inner\"><div class=\"wpb_column pos-top pos-left align_left column_parent col-lg-6 col-md-66 col-sm-66 single-internal-gutter\"><div class=\"uncol style-light shift_x_neg_quad shift_y_neg_quad shift_x_fixed\"  ><div class=\"uncoltable\"><div class=\"uncell no-block-padding\" ><div class=\"uncont\" style=\" max-width:50%;\" ><div class=\"uncode-single-media  text-left\" id=\"circle_animation\"><div class=\"single-wrapper\" style=\"max-width: 100%;\"><div class=\"uncode-rotate uncode-rotate-always\"><div class=\"tmb tmb-light  tmb-media-first tmb-media-last tmb-content-overlay tmb-no-bg\"><div class=\"t-inside\"><div class=\"t-entry-visual\"><div class=\"t-entry-visual-tc\"><div class=\"uncode-single-media-wrapper\"><img decoding=\"async\" class=\"wp-image-118055\" src=\"https:\/\/studiocalypso.com\/wp-content\/uploads\/2024\/01\/calypsowebsite_circle-01-2.jpg\" width=\"600\" height=\"602\" alt=\"\" srcset=\"https:\/\/studiocalypso.com\/wp-content\/uploads\/2024\/01\/calypsowebsite_circle-01-2.jpg 600w, https:\/\/studiocalypso.com\/wp-content\/uploads\/2024\/01\/calypsowebsite_circle-01-2-300x300.jpg 300w, https:\/\/studiocalypso.com\/wp-content\/uploads\/2024\/01\/calypsowebsite_circle-01-2-150x150.jpg 150w, https:\/\/studiocalypso.com\/wp-content\/uploads\/2024\/01\/calypsowebsite_circle-01-2-100x100.jpg 100w\" sizes=\"(max-width: 600px) 100vw, 600px\" \/><\/div>\n\t\t\t\t\t<\/div>\n\t\t\t\t<\/div><\/div><\/div><\/div><\/div><\/div><\/div><\/div><\/div><\/div><\/div><div class=\"wpb_column pos-top pos-center align_left column_parent col-lg-6 col-md-33 col-sm-33 single-internal-gutter\"><div class=\"uncol style-light\"  ><div class=\"uncoltable\"><div class=\"uncell no-block-padding\" ><div class=\"uncont\" ><\/div><\/div><\/div><\/div><\/div><script id=\"script-row-unique-1\" data-row=\"script-row-unique-1\" type=\"text\/javascript\" class=\"vc_controls\">UNCODE.initRow(document.getElementById(\"row-unique-1\"));<\/script><\/div><\/div><\/div><div data-parent=\"true\" class=\"vc_row row-container onepage-section desktop-hidden\" data-label=\"hello\" data-name=\"hello\" id=\"row-unique-2\"><div class=\"row no-top-padding no-bottom-padding single-h-padding full-width row-parent\"><div class=\"wpb_row row-inner\"><div class=\"wpb_column pos-top pos-center align_left column_parent col-lg-6 col-md-50 col-sm-50 single-internal-gutter\"><div class=\"uncol style-light\"  ><div class=\"uncoltable\"><div class=\"uncell no-block-padding\" ><div class=\"uncont\" style=\" max-width:59%;\" ><\/div><\/div><\/div><\/div><\/div><div class=\"wpb_column pos-top pos-center align_left column_parent col-lg-6 col-md-50 col-sm-50 single-internal-gutter\"><div class=\"uncol style-light\"  ><div class=\"uncoltable\"><div class=\"uncell no-block-padding\" ><div class=\"uncont\" ><div class=\"vc_custom_heading_wrap\"><div class=\"heading-text el-text\"  id=\"button_round\"><h4 class=\"font-397793 fontsize-11300082 fontheight-344606 fontspace-564757 font-weight-300 text-color-541339-color\" ><span>SUIVANT<\/span><\/h4><\/div><div class=\"clear\"><\/div><\/div><\/div><\/div><\/div><\/div><a class=\"col-link custom-link\" href=\"https:\/\/studiocalypso.com\/fr\/work\/marques-de-mode\/\" target=\"_self\" title=\"\"><\/a><\/div><script id=\"script-row-unique-2\" data-row=\"script-row-unique-2\" type=\"text\/javascript\" class=\"vc_controls\">UNCODE.initRow(document.getElementById(\"row-unique-2\"));<\/script><\/div><\/div><\/div><div data-parent=\"true\" class=\"vc_row row-container desktop-hidden\" id=\"row-unique-3\"><div class=\"row col-double-gutter single-top-padding single-bottom-padding single-h-padding full-width row-parent\"><div class=\"wpb_row row-inner\"><div class=\"wpb_column pos-top pos-center align_left column_parent col-lg-6 single-internal-gutter\"><div class=\"uncol style-light sticky-element sticky-sidebar\"  ><div class=\"uncoltable\"><div class=\"uncell no-block-padding\" ><div class=\"uncont\" ><div class=\"empty-space empty-double\" ><span class=\"empty-space-inner\"><\/span><\/div>\n<div class=\"vc_row row-internal row-container desktop-hidden\"><div class=\"row row-child\"><div class=\"wpb_row row-inner\"><div class=\"wpb_column pos-top pos-center align_left column_child col-lg-12 single-internal-gutter\"><div class=\"uncol style-light\" ><div class=\"uncoltable\"><div class=\"uncell no-block-padding\" ><div class=\"uncont\" ><div class=\"vc_custom_heading_wrap samenzitten_rond_je_project_width\"><div class=\"heading-text el-text\" ><h1 class=\"font-310556 fontsize-580450 fontheight-179065 fontspace-564757 font-weight-300 text-color-jevc-color text-uppercase\" ><span>S'asseoir ensemble autour de votre projet ?<\/span><\/h1><\/div><div class=\"clear\"><\/div><\/div><div class=\"vc_custom_heading_wrap samenzitten_rond_je_project_broodtekst\"><div class=\"heading-text el-text\" ><h6 class=\"font-310556 fontsize-11300082 fontheight-344606 fontspace-564757 font-weight-300 text-color-jevc-color\" ><span>Nous aimons r\u00e9fl\u00e9chir avec vous.  Avez-vous un nouveau projet ou une id\u00e9e existante qui m\u00e9riterait un regard neuf ?<\/span><\/h6><\/div><div class=\"clear\"><\/div><\/div><span class=\"btn-container\" ><a href=\"https:\/\/studiocalypso.com\/fr\/afspraakmaken\/\" class=\"custom-link btn btn-custom-typo font-377884 font-weight-700 text-initial fontspace-564757 border-width-0 btn-color-396599 btn-square btn-outline btn-icon-right\" title=\"Contact\">PRENDRE UN RENDEZ-VOUS<i class=\"fa fa-arrow-right2\"><\/i><\/a><\/span><\/div><\/div><\/div><\/div><\/div><\/div><\/div><\/div><div class=\"empty-space empty-double\" ><span class=\"empty-space-inner\"><\/span><\/div>\n<\/div><\/div><\/div><\/div><\/div><div class=\"wpb_column pos-top pos-center align_left column_parent col-lg-6 single-internal-gutter\"><div class=\"uncol style-light\"  ><div class=\"uncoltable\"><div class=\"uncell no-block-padding\" ><div class=\"uncont\" ><\/div><\/div><\/div><\/div><\/div><script id=\"script-row-unique-3\" data-row=\"script-row-unique-3\" type=\"text\/javascript\" class=\"vc_controls\">UNCODE.initRow(document.getElementById(\"row-unique-3\"));<\/script><\/div><\/div><\/div>\n<\/div>","protected":false},"excerpt":{"rendered":"portworkinnovationhub.com\u2014 Ontwikkeling van duidelijk en overzichtelijk portfolio website voor de Port Work Innovation Hub. \u2014 Port work innovation hub staat [...]","protected":false},"author":1,"featured_media":122218,"parent":115938,"menu_order":0,"comment_status":"closed","ping_status":"closed","template":"","meta":{"wds_primary_page_category":0,"footnotes":""},"class_list":["post-115913","page","type-page","status-publish","has-post-thumbnail","hentry"],"_links":{"self":[{"href":"https:\/\/studiocalypso.com\/fr\/wp-json\/wp\/v2\/pages\/115913","targetHints":{"allow":["GET"]}}],"collection":[{"href":"https:\/\/studiocalypso.com\/fr\/wp-json\/wp\/v2\/pages"}],"about":[{"href":"https:\/\/studiocalypso.com\/fr\/wp-json\/wp\/v2\/types\/page"}],"author":[{"embeddable":true,"href":"https:\/\/studiocalypso.com\/fr\/wp-json\/wp\/v2\/users\/1"}],"replies":[{"embeddable":true,"href":"https:\/\/studiocalypso.com\/fr\/wp-json\/wp\/v2\/comments?post=115913"}],"version-history":[{"count":3,"href":"https:\/\/studiocalypso.com\/fr\/wp-json\/wp\/v2\/pages\/115913\/revisions"}],"predecessor-version":[{"id":124040,"href":"https:\/\/studiocalypso.com\/fr\/wp-json\/wp\/v2\/pages\/115913\/revisions\/124040"}],"up":[{"embeddable":true,"href":"https:\/\/studiocalypso.com\/fr\/wp-json\/wp\/v2\/pages\/115938"}],"wp:featuredmedia":[{"embeddable":true,"href":"https:\/\/studiocalypso.com\/fr\/wp-json\/wp\/v2\/media\/122218"}],"wp:attachment":[{"href":"https:\/\/studiocalypso.com\/fr\/wp-json\/wp\/v2\/media?parent=115913"}],"curies":[{"name":"wp","href":"https:\/\/api.w.org\/{rel}","templated":true}]}}