{"id":119934,"date":"2024-03-26T16:04:28","date_gmt":"2024-03-26T14:04:28","guid":{"rendered":"https:\/\/studiocalypso.com\/?page_id=119934"},"modified":"2024-03-29T13:20:51","modified_gmt":"2024-03-29T11:20:51","slug":"newsletter-magazine","status":"publish","type":"page","link":"https:\/\/studiocalypso.com\/fr\/newsletter-magazine\/","title":{"rendered":"Newsletter magazine"},"content":{"rendered":"<div class=\"wpb-content-wrapper\"><div data-parent=\"true\" class=\"vc_row style-color-179517-bg row-container desktop-hidden tablet-hidden\" id=\"row-unique-0\"><div class=\"row no-top-padding no-bottom-padding single-h-padding full-width row-parent\"><div class=\"wpb_row shift_y_neg_quad row-inner\"><div class=\"wpb_column pos-top pos-center align_left column_parent col-lg-4 mobile-hidden single-internal-gutter\"><div class=\"uncol style-light\"  ><div class=\"uncoltable\"><div class=\"uncell no-block-padding\" ><div class=\"uncont\" ><\/div><\/div><\/div><\/div><\/div><div class=\"wpb_column pos-top pos-right align_right align_right_mobile column_parent col-lg-4 col-sm-100 no-internal-gutter\"><div class=\"uncol style-light shift_x_double shift_x_fixed\"  ><div class=\"uncoltable\"><div class=\"uncell  vc_custom_1710842617322 no-block-padding\" style=\"padding-left: 50px ;\" ><div class=\"uncont\" ><div class=\"uncode-single-media  text-left\"><div class=\"single-wrapper\" style=\"max-width: 600px;\"><div class=\"tmb tmb-light  tmb-media-first tmb-media-last tmb-content-overlay tmb-no-bg\"><div class=\"t-inside\"><div class=\"t-entry-visual\"><div class=\"t-entry-visual-tc\"><div class=\"uncode-single-media-wrapper\"><img decoding=\"async\" class=\"wp-image-118961\" src=\"https:\/\/studiocalypso.com\/wp-content\/uploads\/2024\/02\/animatedgif_event-1.gif\" width=\"1200\" height=\"1200\" alt=\"\"><\/div>\n\t\t\t\t\t<\/div>\n\t\t\t\t<\/div><\/div><\/div><\/div><\/div><div class=\"empty-space empty-single\" ><span class=\"empty-space-inner\"><\/span><\/div>\n<\/div><\/div><\/div><\/div><\/div><div class=\"wpb_column pos-top pos-center align_left column_parent col-lg-4 mobile-hidden col-sm-clear single-internal-gutter\"><div class=\"uncol style-light\"  ><div class=\"uncoltable\"><div class=\"uncell no-block-padding\" ><div class=\"uncont\" ><\/div><\/div><\/div><\/div><\/div><script id=\"script-row-unique-0\" data-row=\"script-row-unique-0\" type=\"text\/javascript\" class=\"vc_controls\">UNCODE.initRow(document.getElementById(\"row-unique-0\"));<\/script><\/div><\/div><\/div><div data-parent=\"true\" class=\"vc_row style-color-179517-bg row-container onepage-section\" data-label=\"startersguide\" data-name=\"startersguide\" id=\"row-unique-1\"><div class=\"row single-top-padding no-bottom-padding penta-h-padding full-width row-parent\" data-height-ratio=\"full\"><div class=\"wpb_row row-inner\"><div class=\"wpb_column pos-top pos-center align_left column_parent col-lg-5 col-md-50 col-sm-100 no-internal-gutter\"><div class=\"uncol style-light\"  ><div class=\"uncoltable\"><div class=\"uncell no-block-padding\" ><div class=\"uncont\" style=\" max-width:80%;\" ><div class=\"empty-space empty-quad desktop-hidden mobile-hidden\" ><span class=\"empty-space-inner\"><\/span><\/div>\n<div class=\"empty-space empty-quad\" ><span class=\"empty-space-inner\"><\/span><\/div>\n<div class=\"vc_custom_heading_wrap\"><div class=\"heading-text el-text\" ><h2 class=\"font-197917 fontsize-529982 fontspace-359671\" ><span>Soyez le premier \u00e0 recevoir les nouvelles interviews<\/span><\/h2><\/div><div class=\"clear\"><\/div><\/div><div class=\"empty-space empty-half\" ><span class=\"empty-space-inner\"><\/span><\/div>\n<div class=\"vc_custom_heading_wrap\"><div class=\"heading-text el-text\" ><h2 class=\"font-197917 fontsize-150386 fontspace-359671\" ><span>Restez dans la boucle<br \/><\/span><span>pour les nouveaux entretiens<\/span><\/h2><\/div><div class=\"clear\"><\/div><\/div><div class=\"empty-space empty-half\" ><span class=\"empty-space-inner\"><\/span><\/div>\n<div class=\"vc_custom_heading_wrap\"><div class=\"heading-text el-text\" ><h2 class=\"font-197917 fontsize-529982 fontheight-357766 fontspace-359671\" ><span>Restez inform\u00e9 des derni\u00e8res tendances, innovations et r\u00e9ussites dans le monde de la mode, du design et de la vente au d\u00e9tail. B\u00e9n\u00e9ficiez d'un acc\u00e8s exclusif \u00e0 des entretiens approfondis avec des experts du secteur.<\/span><\/h2><\/div><div class=\"clear\"><\/div><\/div><div class=\"empty-space empty-single\" ><span class=\"empty-space-inner\"><\/span><\/div>\n<div class=\"vc_row row-internal row-container\"><div class=\"row row-child\"><div class=\"wpb_row row-inner\"><div class=\"wpb_column pos-top pos-left align_left column_child col-lg-12 single-internal-gutter\"><div class=\"uncol style-light\" ><div class=\"uncoltable\"><div class=\"uncell no-block-padding\" ><div class=\"uncont\" style=\" max-width:86%;\" ><div class=\"vc_wp_text wpb_content_element\"  data-id=\"1\"><div class=\"widget widget_text\">\t\t\t<div class=\"textwidget\"><div class=\"forminator-ui forminator-custom-form forminator-custom-form-119936   forminator_ajax\" data-forminator-render=\"0\" data-form=\"forminator-module-119936\" data-uid=\"69deefdd5ab9b\"><\/div>\n<form\n\t\t\t\tid=\"forminator-module-119936\"\n\t\t\t\tclass=\"forminator-ui forminator-custom-form forminator-custom-form-119936   forminator_ajax\"\n\t\t\t\tmethod=\"post\"\n\t\t\t\tdata-forminator-render=\"0\"\n\t\t\t\tdata-form-id=\"119936\"\n\t\t\t\t data-color-option=\"default\" data-design=\"none\" data-grid=\"open\" style=\"display: none;\"\n\t\t\t\tdata-uid=\"69deefdd5ab9b\" action=\"\"\n\t\t\t><\/p>\n<div role=\"alert\" aria-live=\"polite\" class=\"forminator-response-message forminator-error\" aria-hidden=\"true\"><\/div>\n<div class=\"forminator-row\">\n<div id=\"email-1\" class=\"forminator-field-email forminator-col forminator-col-12  wpcf7-form-control wpcf7-text\">\n<div class=\"forminator-field\"><label for=\"forminator-field-email-1_69deefdd5ab9b\" id=\"forminator-field-email-1_69deefdd5ab9b-label\" class=\"forminator-label\">adresse e-mail <span class=\"forminator-required\">*<\/span><\/label><input type=\"email\" name=\"email-1\" value=\"\" placeholder=\"\" id=\"forminator-field-email-1_69deefdd5ab9b\" class=\"forminator-input forminator-email--field\" data-required=\"1\" aria-required=\"true\" autocomplete=\"email\" \/><\/div>\n<\/div>\n<\/div>\n<div class=\"forminator-row\">\n<div id=\"name-1\" class=\"forminator-field-name forminator-col forminator-col-12  wpcf7-form-control wpcf7-text\">\n<div class=\"forminator-field\"><label for=\"forminator-field-name-1_69deefdd5ab9b\" id=\"forminator-field-name-1_69deefdd5ab9b-label\" class=\"forminator-label\">nom <span class=\"forminator-required\">*<\/span><\/label><input type=\"text\" name=\"name-1\" value=\"\" placeholder=\"\" id=\"forminator-field-name-1_69deefdd5ab9b\" class=\"forminator-input forminator-name--field\" aria-required=\"true\" autocomplete=\"name\" \/><\/div>\n<\/div>\n<\/div>\n<p><input type=\"hidden\" name=\"referer_url\" value=\"\" \/><\/p>\n<div class=\"forminator-row forminator-row-last\">\n<div class=\"forminator-col\">\n<div class=\"forminator-field\"><button class=\"forminator-button forminator-button-submit calypso_forminator_button btn-accent wpcf7-form-control has-spinner wpcf7-submit btn\">S'ABONNER<\/button><\/div>\n<\/div>\n<\/div>\n<p><input type=\"hidden\" id=\"forminator_nonce\" name=\"forminator_nonce\" value=\"4ef0a6907b\" \/><input type=\"hidden\" name=\"_wp_http_referer\" value=\"\/fr\/wp-json\/wp\/v2\/pages\/119934\" \/><input type=\"hidden\" name=\"form_id\" value=\"119936\"><input type=\"hidden\" name=\"page_id\" value=\"0\"><input type=\"hidden\" name=\"form_type\" value=\"default\"><input type=\"hidden\" name=\"current_url\" value=\"\"><input type=\"hidden\" name=\"render_id\" value=\"0\"><input type=\"hidden\" name=\"action\" value=\"forminator_submit_form_custom-forms\"><input type=\"hidden\" name=\"trp-form-language\" value=\"fr\"\/><\/form>\n<\/div>\n\t\t<\/div><\/div><\/div><\/div><\/div><\/div><\/div><\/div><\/div><\/div><div class=\"empty-space empty-single\" ><span class=\"empty-space-inner\"><\/span><\/div>\n<div class=\"empty-space empty-quad desktop-hidden mobile-hidden\" ><span class=\"empty-space-inner\"><\/span><\/div>\n<div class=\"empty-space empty-quad desktop-hidden mobile-hidden\" ><span class=\"empty-space-inner\"><\/span><\/div>\n<\/div><\/div><\/div><\/div><\/div><div class=\"wpb_column pos-middle pos-left align_left column_parent col-lg-1 tablet-hidden mobile-hidden col-sm-clear one-internal-gutter\"><div class=\"uncol style-light\"  ><div class=\"uncoltable\"><div class=\"uncell no-block-padding\" ><div class=\"uncont\" style=\" max-width:80%;\" ><\/div><\/div><\/div><\/div><\/div><div class=\"wpb_column pos-top pos-center align_left column_parent col-lg-6 mobile-hidden col-md-50 col-sm-clear no-internal-gutter\"><div class=\"uncol style-light\"  ><div class=\"uncoltable\"><div class=\"uncell no-block-padding\" ><div class=\"uncont\" ><div class=\"empty-space empty-quad desktop-hidden mobile-hidden\" ><span class=\"empty-space-inner\"><\/span><\/div>\n<div class=\"empty-space empty-quad\" ><span class=\"empty-space-inner\"><\/span><\/div>\n<div class=\"uncode-single-media  text-left\"><div class=\"single-wrapper\" style=\"max-width: 500px;\"><div class=\"tmb tmb-light  tmb-media-first tmb-media-last tmb-content-overlay tmb-no-bg\"><div class=\"t-inside\"><div class=\"t-entry-visual\"><div class=\"t-entry-visual-tc\"><div class=\"uncode-single-media-wrapper\"><img decoding=\"async\" class=\"wp-image-118680\" src=\"https:\/\/studiocalypso.com\/wp-content\/uploads\/2024\/02\/animatedgif_startersguide_contrast.gif\" width=\"654\" height=\"654\" alt=\"\"><\/div>\n\t\t\t\t\t<\/div>\n\t\t\t\t<\/div><\/div><\/div><\/div><\/div><\/div><\/div><\/div><\/div><\/div><script id=\"script-row-unique-1\" data-row=\"script-row-unique-1\" type=\"text\/javascript\" class=\"vc_controls\">UNCODE.initRow(document.getElementById(\"row-unique-1\"));<\/script><\/div><\/div><\/div><div data-parent=\"true\" class=\"vc_row style-color-179517-bg row-container\" id=\"row-unique-2\"><div class=\"row limit-width row-parent\"><div class=\"wpb_row row-inner\"><div class=\"wpb_column pos-top pos-center align_left column_parent col-lg-12 single-internal-gutter\"><div class=\"uncol style-light\"  ><div class=\"uncoltable\"><div class=\"uncell no-block-padding\" ><div class=\"uncont\" ><div class=\"empty-space empty-single desktop-hidden tablet-hidden\" ><span class=\"empty-space-inner\"><\/span><\/div>\n<\/div><\/div><\/div><\/div><\/div><script id=\"script-row-unique-2\" data-row=\"script-row-unique-2\" type=\"text\/javascript\" class=\"vc_controls\">UNCODE.initRow(document.getElementById(\"row-unique-2\"));<\/script><\/div><\/div><\/div>\n<\/div>","protected":false},"excerpt":{"rendered":"Be the first to receive new interview Stay in the loopfor new interviews Stay informed about the latest trends, innovations, [...]","protected":false},"author":1,"featured_media":0,"parent":0,"menu_order":0,"comment_status":"closed","ping_status":"closed","template":"","meta":{"wds_primary_page_category":0,"footnotes":""},"class_list":["post-119934","page","type-page","status-publish","hentry"],"_links":{"self":[{"href":"https:\/\/studiocalypso.com\/fr\/wp-json\/wp\/v2\/pages\/119934","targetHints":{"allow":["GET"]}}],"collection":[{"href":"https:\/\/studiocalypso.com\/fr\/wp-json\/wp\/v2\/pages"}],"about":[{"href":"https:\/\/studiocalypso.com\/fr\/wp-json\/wp\/v2\/types\/page"}],"author":[{"embeddable":true,"href":"https:\/\/studiocalypso.com\/fr\/wp-json\/wp\/v2\/users\/1"}],"replies":[{"embeddable":true,"href":"https:\/\/studiocalypso.com\/fr\/wp-json\/wp\/v2\/comments?post=119934"}],"version-history":[{"count":0,"href":"https:\/\/studiocalypso.com\/fr\/wp-json\/wp\/v2\/pages\/119934\/revisions"}],"wp:attachment":[{"href":"https:\/\/studiocalypso.com\/fr\/wp-json\/wp\/v2\/media?parent=119934"}],"curies":[{"name":"wp","href":"https:\/\/api.w.org\/{rel}","templated":true}]}}