{"id":123543,"date":"2024-12-02T12:41:50","date_gmt":"2024-12-02T10:41:50","guid":{"rendered":"https:\/\/studiocalypso.com\/?page_id=123543"},"modified":"2024-12-02T12:41:50","modified_gmt":"2024-12-02T10:41:50","slug":"strategie-de-marketing-pour-les-listes-dattente","status":"publish","type":"page","link":"https:\/\/studiocalypso.com\/fr\/evenements\/strategie-de-marketing-pour-les-listes-dattente\/","title":{"rendered":"Liste d'attente - Strat\u00e9gie marketing"},"content":{"rendered":"<div class=\"wpb-content-wrapper\"><div data-parent=\"true\" class=\"vc_row row-container tablet-hidden mobile-hidden\" id=\"row-unique-0\"><div class=\"row single-top-padding no-bottom-padding single-h-padding full-width row-parent\" data-height-ratio=\"full\"><div class=\"wpb_row row-inner\"><div class=\"wpb_column pos-top pos-center align_left column_parent col-lg-1 tablet-hidden mobile-hidden single-internal-gutter\"><div class=\"uncol style-light\"  ><div class=\"uncoltable\"><div class=\"uncell no-block-padding\" ><div class=\"uncont\" ><div class=\"empty-space empty-quad\" ><span class=\"empty-space-inner\"><\/span><\/div>\n<div class=\"empty-space empty-double\" ><span class=\"empty-space-inner\"><\/span><\/div>\n<\/div><\/div><\/div><\/div><\/div><div class=\"wpb_column pos-middle pos-left align_left column_parent col-lg-4 one-internal-gutter\"><div class=\"uncol style-light\"  ><div class=\"uncoltable\"><div class=\"uncell no-block-padding\" ><div class=\"uncont\" style=\" max-width:80%;\" ><div class=\"vc_custom_heading_wrap\"><div class=\"heading-text el-text\" ><h2 class=\"font-197917 fontsize-529982 fontspace-359671\" ><span>Nous sommes d\u00e9sol\u00e9s mais il n'y a pas de disponibilit\u00e9 actuellement.<\/span><\/h2><\/div><div class=\"clear\"><\/div><\/div><div class=\"empty-space empty-half\" ><span class=\"empty-space-inner\"><\/span><\/div>\n<div class=\"vc_custom_heading_wrap\"><div class=\"heading-text el-text\" ><h2 class=\"font-197917 fontsize-114552 fontspace-359671\" ><span>Inscrivez-vous sur le site de la<br \/><\/span><span>liste d'attente pour l'\u00e9v\u00e9nement<\/span><\/h2><\/div><div class=\"clear\"><\/div><\/div><div class=\"empty-space empty-half\" ><span class=\"empty-space-inner\"><\/span><\/div>\n<div class=\"empty-space empty-quart\" ><span class=\"empty-space-inner\"><\/span><\/div>\n<div class=\"vc_custom_heading_wrap\"><div class=\"heading-text el-text\" ><h2 class=\"font-197917 fontsize-529982 fontheight-357766 fontspace-359671\" ><span>En raison d'une capacit\u00e9 limit\u00e9e, il n'y a pas de places disponibles pour l'\u00e9v\u00e9nement que vous avez s\u00e9lectionn\u00e9. Vous pouvez cependant nous laisser vos coordonn\u00e9es ci-dessous et nous vous tiendrons au courant d\u00e8s que nous aurons une place libre pour vous.<\/span><\/h2><\/div><div class=\"clear\"><\/div><\/div><div class=\"empty-space empty-quart\" ><span class=\"empty-space-inner\"><\/span><\/div>\n<div class=\"vc_wp_text wpb_content_element\"  data-id=\"1\"><div class=\"widget widget_text\">\t\t\t<div class=\"textwidget\"><div class=\"forminator-ui forminator-custom-form forminator-custom-form-120523   forminator_ajax\" data-forminator-render=\"0\" data-form=\"forminator-module-120523\" data-uid=\"69e356c926796\"><\/div>\n<form\n\t\t\t\tid=\"forminator-module-120523\"\n\t\t\t\tclass=\"forminator-ui forminator-custom-form forminator-custom-form-120523   forminator_ajax\"\n\t\t\t\tmethod=\"post\"\n\t\t\t\tdata-forminator-render=\"0\"\n\t\t\t\tdata-form-id=\"120523\"\n\t\t\t\t data-color-option=\"default\" data-design=\"none\" data-grid=\"open\" style=\"display: none;\"\n\t\t\t\tdata-uid=\"69e356c926796\" action=\"\"\n\t\t\t><\/p>\n<div role=\"alert\" aria-live=\"polite\" class=\"forminator-response-message forminator-error\" aria-hidden=\"true\"><\/div>\n<div class=\"forminator-row\">\n<div id=\"name-1\" class=\"forminator-field-name forminator-col forminator-col-12\">\n<div class=\"forminator-field\"><label for=\"forminator-field-name-1_69e356c926796\" id=\"forminator-field-name-1_69e356c926796-label\" class=\"forminator-label\">nom<\/label><input type=\"text\" name=\"name-1\" value=\"\" placeholder=\"Par exemple, Charlotte\" id=\"forminator-field-name-1_69e356c926796\" class=\"forminator-input forminator-name--field\" aria-required=\"false\" autocomplete=\"name\" \/><\/div>\n<\/div>\n<\/div>\n<div class=\"forminator-row\">\n<div id=\"email-1\" class=\"forminator-field-email forminator-col forminator-col-12  wpcf7-form-control wpcf7-text\">\n<div class=\"forminator-field\"><label for=\"forminator-field-email-1_69e356c926796\" id=\"forminator-field-email-1_69e356c926796-label\" class=\"forminator-label\">adresse e-mail <span class=\"forminator-required\">*<\/span><\/label><input type=\"email\" name=\"email-1\" value=\"\" placeholder=\"Par exemple : charlotte@studiocalypso.com\" id=\"forminator-field-email-1_69e356c926796\" class=\"forminator-input forminator-email--field\" data-required=\"1\" aria-required=\"true\" autocomplete=\"email\" \/><\/div>\n<\/div>\n<\/div>\n<div class=\"forminator-row\">\n<div id=\"phone-1\" class=\"forminator-field-phone forminator-col forminator-col-12\">\n<div class=\"forminator-field\"><label for=\"forminator-field-phone-1_69e356c926796\" id=\"forminator-field-phone-1_69e356c926796-label\" class=\"forminator-label\">t\u00e9l\u00e9phone<\/label><input type=\"text\" name=\"phone-1\" value=\"\" placeholder=\"Par exemple, +32 470 00 00 00\" id=\"forminator-field-phone-1_69e356c926796\" class=\"forminator-input forminator-field--phone\" data-required=\"\" aria-required=\"false\" autocomplete=\"off\" \/><\/div>\n<\/div>\n<\/div>\n<p><input type=\"hidden\" name=\"referer_url\" value=\"\" \/><\/p>\n<div class=\"forminator-row forminator-row-last\">\n<div class=\"forminator-col\">\n<div class=\"forminator-field\"><button class=\"forminator-button forminator-button-submit calypso_forminator_button btn-accent wpcf7-form-control has-spinner wpcf7-submit btn\">SOUMETTRE LA DEMANDE<\/button><\/div>\n<\/div>\n<\/div>\n<p><input type=\"hidden\" id=\"forminator_nonce\" name=\"forminator_nonce\" value=\"06ba154002\" \/><input type=\"hidden\" name=\"_wp_http_referer\" value=\"\/fr\/wp-json\/wp\/v2\/pages\/123543\" \/><input type=\"hidden\" name=\"form_id\" value=\"120523\"><input type=\"hidden\" name=\"page_id\" value=\"0\"><input type=\"hidden\" name=\"form_type\" value=\"default\"><input type=\"hidden\" name=\"current_url\" value=\"\"><input type=\"hidden\" name=\"render_id\" value=\"0\"><input type=\"hidden\" name=\"action\" value=\"forminator_submit_form_custom-forms\"><input type=\"hidden\" name=\"trp-form-language\" value=\"fr\"\/><\/form>\n<\/div>\n\t\t<\/div><\/div><div class=\"empty-space empty-triple\" ><span class=\"empty-space-inner\"><\/span><\/div>\n<\/div><\/div><\/div><\/div><\/div><div class=\"wpb_column pos-top pos-center align_left column_parent col-lg-1 single-internal-gutter\"><div class=\"uncol style-light\"  ><div class=\"uncoltable\"><div class=\"uncell no-block-padding\" ><div class=\"uncont\" ><\/div><\/div><\/div><\/div><\/div><div class=\"wpb_column pos-middle pos-left align_left column_parent col-lg-6 img tablet-hidden mobile-hidden no-internal-gutter\" id=\"img\"><div class=\"uncol style-light shift_y_neg_half shift_y_fixed\"  ><div class=\"uncoltable\"><div class=\"uncell no-block-padding\" ><div class=\"uncont\" ><div class=\"uncode-single-media  text-left\"><div class=\"single-wrapper\" style=\"max-width: 500px;\"><div class=\"tmb tmb-light  tmb-media-first tmb-media-last tmb-content-overlay tmb-no-bg\"><div class=\"t-inside\"><div class=\"t-entry-visual\"><div class=\"t-entry-visual-tc\"><div class=\"uncode-single-media-wrapper\"><img decoding=\"async\" class=\"wp-image-119031\" src=\"https:\/\/studiocalypso.com\/wp-content\/uploads\/2024\/03\/animatedgif_event.gif\" width=\"1000\" height=\"1000\" alt=\"\"><\/div>\n\t\t\t\t\t<\/div>\n\t\t\t\t<\/div><\/div><\/div><\/div><\/div><div class=\"empty-space empty-single\" ><span class=\"empty-space-inner\"><\/span><\/div>\n<div class=\"vc_custom_heading_wrap contact\"><div class=\"heading-text el-text\"  id=\"contact\"><h4 class=\"font-377884 fontsize-529982 fontheight-103161 fontspace-121266 font-weight-500 text-color-jevc-color\" ><span>Localisation :<br \/><\/span><span>Studio Calypso - Paardenmarkt 20, 2000 Anvers<\/p><\/span><span><p>&nbsp;<\/p><\/span><span><p>Entr\u00e9e<br \/><\/span><span>Cet \u00e9v\u00e9nement est gratuit et la liste des invit\u00e9s est limit\u00e9e.<\/span><\/h4><\/div><div class=\"clear\"><\/div><\/div><div class=\"empty-space empty-triple\" ><span class=\"empty-space-inner\"><\/span><\/div>\n<\/div><\/div><\/div><\/div><\/div><script id=\"script-row-unique-0\" data-row=\"script-row-unique-0\" type=\"text\/javascript\" class=\"vc_controls\">UNCODE.initRow(document.getElementById(\"row-unique-0\"));<\/script><\/div><\/div><\/div><div data-parent=\"true\" class=\"vc_row row-container desktop-hidden\" id=\"row-unique-1\"><div class=\"row no-top-padding no-bottom-padding single-h-padding full-width row-parent\"><div class=\"wpb_row row-inner\"><div class=\"wpb_column pos-top pos-center align_left column_parent col-lg-4 mobile-hidden single-internal-gutter\"><div class=\"uncol style-light\"  ><div class=\"uncoltable\"><div class=\"uncell no-block-padding\" ><div class=\"uncont\" ><\/div><\/div><\/div><\/div><\/div><div class=\"wpb_column pos-top pos-right align_right align_right_mobile column_parent col-lg-4 col-sm-100 no-internal-gutter\"><div class=\"uncol style-light shift_x_double shift_x_fixed\"  ><div class=\"uncoltable\"><div class=\"uncell  vc_custom_1627572766446 no-block-padding\" style=\"padding-left: 50px ;\" ><div class=\"uncont\" ><div class=\"uncode-single-media  text-left\"><div class=\"single-wrapper\" style=\"max-width: 600px;\"><div class=\"tmb tmb-light  tmb-media-first tmb-media-last tmb-content-overlay tmb-no-bg\"><div class=\"t-inside\"><div class=\"t-entry-visual\"><div class=\"t-entry-visual-tc\"><div class=\"uncode-single-media-wrapper\"><img decoding=\"async\" class=\"wp-image-118961\" src=\"https:\/\/studiocalypso.com\/wp-content\/uploads\/2024\/02\/animatedgif_event-1.gif\" width=\"1200\" height=\"1200\" alt=\"\"><\/div>\n\t\t\t\t\t<\/div>\n\t\t\t\t<\/div><\/div><\/div><\/div><\/div><div class=\"empty-space empty-single\" ><span class=\"empty-space-inner\"><\/span><\/div>\n<\/div><\/div><\/div><\/div><\/div><div class=\"wpb_column pos-top pos-center align_left column_parent col-lg-4 mobile-hidden col-sm-clear single-internal-gutter\"><div class=\"uncol style-light\"  ><div class=\"uncoltable\"><div class=\"uncell no-block-padding\" ><div class=\"uncont\" ><\/div><\/div><\/div><\/div><\/div><script id=\"script-row-unique-1\" data-row=\"script-row-unique-1\" type=\"text\/javascript\" class=\"vc_controls\">UNCODE.initRow(document.getElementById(\"row-unique-1\"));<\/script><\/div><\/div><\/div><div data-parent=\"true\" class=\"vc_row row-container onepage-section desktop-hidden\" data-label=\"contactform\" data-name=\"contactform\" id=\"row-unique-2\"><div class=\"row single-top-padding no-bottom-padding single-h-padding full-width row-parent\" data-height-ratio=\"full\"><div class=\"wpb_row row-inner\"><div class=\"wpb_column pos-top pos-center align_left column_parent col-lg-1 tablet-hidden mobile-hidden single-internal-gutter\"><div class=\"uncol style-light\"  ><div class=\"uncoltable\"><div class=\"uncell no-block-padding\" ><div class=\"uncont\" ><div class=\"empty-space empty-quad\" ><span class=\"empty-space-inner\"><\/span><\/div>\n<div class=\"empty-space empty-double\" ><span class=\"empty-space-inner\"><\/span><\/div>\n<\/div><\/div><\/div><\/div><\/div><div class=\"wpb_column pos-middle pos-left align_left column_parent col-lg-4 one-internal-gutter\"><div class=\"uncol style-light\"  ><div class=\"uncoltable\"><div class=\"uncell no-block-padding\" ><div class=\"uncont\" style=\" max-width:76%;\" ><div class=\"vc_custom_heading_wrap\"><div class=\"heading-text el-text\" ><h2 class=\"font-197917 fontsize-174410 fontheight-357766 fontspace-359671\" ><span>Nous sommes d\u00e9sol\u00e9s mais il n'y a pas de disponibilit\u00e9 actuellement.<\/span><\/h2><\/div><div class=\"clear\"><\/div><\/div><div class=\"empty-space empty-half\" ><span class=\"empty-space-inner\"><\/span><\/div>\n<div class=\"vc_custom_heading_wrap\"><div class=\"heading-text el-text\" ><h2 class=\"font-197917 fontsize-171707 fontspace-359671\" ><span>Inscrivez-vous sur le site de la<br \/><\/span><span>liste d'attente pour l'\u00e9v\u00e9nement<\/span><\/h2><\/div><div class=\"clear\"><\/div><\/div><div class=\"empty-space empty-half\" ><span class=\"empty-space-inner\"><\/span><\/div>\n<div class=\"empty-space empty-quart\" ><span class=\"empty-space-inner\"><\/span><\/div>\n<div class=\"vc_custom_heading_wrap\"><div class=\"heading-text el-text\" ><h2 class=\"font-197917 fontsize-174410 fontheight-357766 fontspace-359671\" ><span>En raison d'une capacit\u00e9 limit\u00e9e, il n'y a pas de places disponibles pour l'\u00e9v\u00e9nement que vous avez s\u00e9lectionn\u00e9. Vous pouvez cependant nous laisser vos coordonn\u00e9es ci-dessous et nous vous tiendrons au courant d\u00e8s que nous aurons une place libre pour vous.<\/span><\/h2><\/div><div class=\"clear\"><\/div><\/div><div class=\"empty-space empty-quart\" ><span class=\"empty-space-inner\"><\/span><\/div>\n<div class=\"vc_wp_text wpb_content_element\"  data-id=\"2\"><div class=\"widget widget_text\">\t\t\t<div class=\"textwidget\"><div class=\"forminator-ui forminator-custom-form forminator-custom-form-118994   forminator_ajax\" data-forminator-render=\"0\" data-form=\"forminator-module-118994\" data-uid=\"69e356c92c5e0\"><\/div>\n<form\n\t\t\t\tid=\"forminator-module-118994\"\n\t\t\t\tclass=\"forminator-ui forminator-custom-form forminator-custom-form-118994   forminator_ajax\"\n\t\t\t\tmethod=\"post\"\n\t\t\t\tdata-forminator-render=\"0\"\n\t\t\t\tdata-form-id=\"118994\"\n\t\t\t\t data-color-option=\"default\" data-design=\"none\" data-grid=\"open\" style=\"display: none;\"\n\t\t\t\tdata-uid=\"69e356c92c5e0\" action=\"\"\n\t\t\t><\/p>\n<div role=\"alert\" aria-live=\"polite\" class=\"forminator-response-message forminator-error\" aria-hidden=\"true\"><\/div>\n<div class=\"forminator-row\">\n<div id=\"name-1\" class=\"forminator-field-name forminator-col forminator-col-12\">\n<div class=\"forminator-field\"><label for=\"forminator-field-name-1_69e356c92c5e0\" id=\"forminator-field-name-1_69e356c92c5e0-label\" class=\"forminator-label\">nom<\/label><input type=\"text\" name=\"name-1\" value=\"\" placeholder=\"Par exemple, Charlotte\" id=\"forminator-field-name-1_69e356c92c5e0\" class=\"forminator-input forminator-name--field\" aria-required=\"false\" autocomplete=\"name\" \/><\/div>\n<\/div>\n<\/div>\n<div class=\"forminator-row\">\n<div id=\"email-1\" class=\"forminator-field-email forminator-col forminator-col-12  wpcf7-form-control wpcf7-text\">\n<div class=\"forminator-field\"><label for=\"forminator-field-email-1_69e356c92c5e0\" id=\"forminator-field-email-1_69e356c92c5e0-label\" class=\"forminator-label\">adresse e-mail <span class=\"forminator-required\">*<\/span><\/label><input type=\"email\" name=\"email-1\" value=\"\" placeholder=\"Par exemple : charlotte@studiocalypso.com\" id=\"forminator-field-email-1_69e356c92c5e0\" class=\"forminator-input forminator-email--field\" data-required=\"1\" aria-required=\"true\" autocomplete=\"email\" \/><\/div>\n<\/div>\n<\/div>\n<div class=\"forminator-row\">\n<div id=\"phone-1\" class=\"forminator-field-phone forminator-col forminator-col-12\">\n<div class=\"forminator-field\"><label for=\"forminator-field-phone-1_69e356c92c5e0\" id=\"forminator-field-phone-1_69e356c92c5e0-label\" class=\"forminator-label\">t\u00e9l\u00e9phone<\/label><input type=\"text\" name=\"phone-1\" value=\"\" placeholder=\"Par exemple, +32 470 00 00 00\" id=\"forminator-field-phone-1_69e356c92c5e0\" class=\"forminator-input forminator-field--phone\" data-required=\"\" aria-required=\"false\" autocomplete=\"off\" \/><\/div>\n<\/div>\n<\/div>\n<p><input type=\"hidden\" name=\"referer_url\" value=\"\" \/><\/p>\n<div class=\"forminator-row forminator-row-last\">\n<div class=\"forminator-col\">\n<div class=\"forminator-field\"><button class=\"forminator-button forminator-button-submit calypso_forminator_button btn-accent wpcf7-form-control has-spinner wpcf7-submit btn\">INVITE DE DEMANDE<\/button><\/div>\n<\/div>\n<\/div>\n<p><input type=\"hidden\" id=\"forminator_nonce\" name=\"forminator_nonce\" value=\"04a35fc1d0\" \/><input type=\"hidden\" name=\"_wp_http_referer\" value=\"\/fr\/wp-json\/wp\/v2\/pages\/123543\" \/><input type=\"hidden\" name=\"form_id\" value=\"118994\"><input type=\"hidden\" name=\"page_id\" value=\"0\"><input type=\"hidden\" name=\"form_type\" value=\"default\"><input type=\"hidden\" name=\"current_url\" value=\"\"><input type=\"hidden\" name=\"render_id\" value=\"0\"><input type=\"hidden\" name=\"action\" value=\"forminator_submit_form_custom-forms\"><input type=\"hidden\" name=\"trp-form-language\" value=\"fr\"\/><\/form>\n<\/div>\n\t\t<\/div><\/div><div class=\"empty-space empty-triple\" ><span class=\"empty-space-inner\"><\/span><\/div>\n<\/div><\/div><\/div><\/div><\/div><div class=\"wpb_column pos-top pos-center align_left column_parent col-lg-1 single-internal-gutter\"><div class=\"uncol style-light\"  ><div class=\"uncoltable\"><div class=\"uncell no-block-padding\" ><div class=\"uncont\" ><\/div><\/div><\/div><\/div><\/div><div class=\"wpb_column pos-middle pos-center align_left column_parent col-lg-6 img tablet-hidden mobile-hidden no-internal-gutter\" id=\"img\"><div class=\"uncol style-light shift_y_neg_half shift_y_fixed\"  ><div class=\"uncoltable\"><div class=\"uncell no-block-padding\" ><div class=\"uncont\" ><div class=\"uncode-single-media  text-left\"><div class=\"single-wrapper\" style=\"max-width: 500px;\"><div class=\"tmb tmb-light  tmb-media-first tmb-media-last tmb-content-overlay tmb-no-bg\"><div class=\"t-inside\"><div class=\"t-entry-visual\"><div class=\"t-entry-visual-tc\"><div class=\"uncode-single-media-wrapper\"><img decoding=\"async\" class=\"wp-image-118680\" src=\"https:\/\/studiocalypso.com\/wp-content\/uploads\/2024\/02\/animatedgif_startersguide_contrast.gif\" width=\"654\" height=\"654\" alt=\"\"><\/div>\n\t\t\t\t\t<\/div>\n\t\t\t\t<\/div><\/div><\/div><\/div><\/div><div class=\"empty-space empty-single\" ><span class=\"empty-space-inner\"><\/span><\/div>\n<div class=\"vc_custom_heading_wrap contact\"><div class=\"heading-text el-text\"  id=\"contact\"><h4 class=\"font-377884 fontsize-529982 fontheight-103161 fontspace-121266 font-weight-500 text-color-jevc-color\" ><span>Studio Calypso - Paardenmarkt 20, 2000 Anvers - hi@studiocalypso.com<\/p><\/span><span><p>BE +32 3 290 03 03 - NL +31 20 782 00 03<\/span><\/h4><\/div><div class=\"clear\"><\/div><\/div><div class=\"empty-space empty-triple\" ><span class=\"empty-space-inner\"><\/span><\/div>\n<\/div><\/div><\/div><\/div><\/div><script id=\"script-row-unique-2\" data-row=\"script-row-unique-2\" type=\"text\/javascript\" class=\"vc_controls\">UNCODE.initRow(document.getElementById(\"row-unique-2\"));<\/script><\/div><\/div><\/div><div data-parent=\"true\" class=\"vc_row row-container tablet-hidden mobile-hidden\" id=\"row-unique-3\"><div class=\"row no-top-padding no-bottom-padding single-h-padding full-width row-parent\"><div class=\"wpb_row shift_y_neg_quad row-inner\"><div class=\"wpb_column pos-top pos-center align_left column_parent col-lg-4 mobile-hidden single-internal-gutter\"><div class=\"uncol style-light\"  ><div class=\"uncoltable\"><div class=\"uncell no-block-padding\" ><div class=\"uncont\" ><\/div><\/div><\/div><\/div><\/div><div class=\"wpb_column pos-top pos-center align_left column_parent col-lg-4 col-sm-75 no-internal-gutter\"><div class=\"uncol style-light\"  ><div class=\"uncoltable\"><div class=\"uncell no-block-padding\" ><div class=\"uncont\" ><div class=\"empty-space empty-quad\" ><span class=\"empty-space-inner\"><\/span><\/div>\n<\/div><\/div><\/div><\/div><\/div><div class=\"wpb_column pos-top pos-center align_left column_parent col-lg-4 single-internal-gutter\"><div class=\"uncol style-light\"  ><div class=\"uncoltable\"><div class=\"uncell no-block-padding\" ><div class=\"uncont\" ><\/div><\/div><\/div><\/div><\/div><script id=\"script-row-unique-3\" data-row=\"script-row-unique-3\" type=\"text\/javascript\" class=\"vc_controls\">UNCODE.initRow(document.getElementById(\"row-unique-3\"));<\/script><\/div><\/div><\/div>\n<\/div>","protected":false},"excerpt":{"rendered":"Nous sommes d\u00e9sol\u00e9s mais il n'y a pas de disponibilit\u00e9 pour le moment Inscrivez-vous sur la liste d'attente pour l'\u00e9v\u00e9nement En raison d'une capacit\u00e9 limit\u00e9e, il y a [...]","protected":false},"author":1,"featured_media":122221,"parent":120404,"menu_order":0,"comment_status":"closed","ping_status":"closed","template":"","meta":{"wds_primary_page_category":0,"footnotes":""},"class_list":["post-123543","page","type-page","status-publish","has-post-thumbnail","hentry"],"_links":{"self":[{"href":"https:\/\/studiocalypso.com\/fr\/wp-json\/wp\/v2\/pages\/123543","targetHints":{"allow":["GET"]}}],"collection":[{"href":"https:\/\/studiocalypso.com\/fr\/wp-json\/wp\/v2\/pages"}],"about":[{"href":"https:\/\/studiocalypso.com\/fr\/wp-json\/wp\/v2\/types\/page"}],"author":[{"embeddable":true,"href":"https:\/\/studiocalypso.com\/fr\/wp-json\/wp\/v2\/users\/1"}],"replies":[{"embeddable":true,"href":"https:\/\/studiocalypso.com\/fr\/wp-json\/wp\/v2\/comments?post=123543"}],"version-history":[{"count":1,"href":"https:\/\/studiocalypso.com\/fr\/wp-json\/wp\/v2\/pages\/123543\/revisions"}],"predecessor-version":[{"id":123544,"href":"https:\/\/studiocalypso.com\/fr\/wp-json\/wp\/v2\/pages\/123543\/revisions\/123544"}],"up":[{"embeddable":true,"href":"https:\/\/studiocalypso.com\/fr\/wp-json\/wp\/v2\/pages\/120404"}],"wp:featuredmedia":[{"embeddable":true,"href":"https:\/\/studiocalypso.com\/fr\/wp-json\/wp\/v2\/media\/122221"}],"wp:attachment":[{"href":"https:\/\/studiocalypso.com\/fr\/wp-json\/wp\/v2\/media?parent=123543"}],"curies":[{"name":"wp","href":"https:\/\/api.w.org\/{rel}","templated":true}]}}