{"id":77731,"date":"2019-03-02T13:04:42","date_gmt":"2019-03-02T13:04:42","guid":{"rendered":"https:\/\/studiocalypso.com\/?post_type=product&#038;p=77731"},"modified":"2023-06-14T18:24:52","modified_gmt":"2023-06-14T16:24:52","slug":"extension-woocommerce","status":"publish","type":"product","link":"https:\/\/studiocalypso.com\/fr\/produit\/extension-woocommerce\/","title":{"rendered":"Extension Woocommerce"},"content":{"rendered":"","protected":false},"excerpt":{"rendered":"<p>Le plus grand avantage de travailler avec Woocommerce est que 28% de toutes les boutiques en ligne dans le monde l'utilisent.  Par cons\u00e9quent, chaque situation s'est probablement d\u00e9j\u00e0 produite une fois et un plugin a probablement d\u00e9j\u00e0 \u00e9t\u00e9 d\u00e9velopp\u00e9 pour votre situation sp\u00e9cifique.  Avec Woocommerce Extensions, vous b\u00e9n\u00e9ficiez d'une grande expansion pour un petit montant par mois.<\/p>","protected":false},"featured_media":77732,"comment_status":"closed","ping_status":"closed","template":"","meta":{"wds_primary_product_brand":0,"wds_primary_product_cat":0,"wds_primary_pa_mailing-limit":0,"wds_primary_pa_size":0,"wds_primary_pa_woocommerce-extension":0},"product_brand":[],"product_cat":[297],"product_tag":[],"class_list":{"0":"post-77731","1":"product","2":"type-product","3":"status-publish","4":"has-post-thumbnail","6":"product_cat-extensions","8":"first","9":"instock","10":"taxable","11":"shipping-taxable","12":"purchasable","13":"product-type-simple"},"_links":{"self":[{"href":"https:\/\/studiocalypso.com\/fr\/wp-json\/wp\/v2\/product\/77731","targetHints":{"allow":["GET"]}}],"collection":[{"href":"https:\/\/studiocalypso.com\/fr\/wp-json\/wp\/v2\/product"}],"about":[{"href":"https:\/\/studiocalypso.com\/fr\/wp-json\/wp\/v2\/types\/product"}],"replies":[{"embeddable":true,"href":"https:\/\/studiocalypso.com\/fr\/wp-json\/wp\/v2\/comments?post=77731"}],"wp:featuredmedia":[{"embeddable":true,"href":"https:\/\/studiocalypso.com\/fr\/wp-json\/wp\/v2\/media\/77732"}],"wp:attachment":[{"href":"https:\/\/studiocalypso.com\/fr\/wp-json\/wp\/v2\/media?parent=77731"}],"wp:term":[{"taxonomy":"product_brand","embeddable":true,"href":"https:\/\/studiocalypso.com\/fr\/wp-json\/wp\/v2\/product_brand?post=77731"},{"taxonomy":"product_cat","embeddable":true,"href":"https:\/\/studiocalypso.com\/fr\/wp-json\/wp\/v2\/product_cat?post=77731"},{"taxonomy":"product_tag","embeddable":true,"href":"https:\/\/studiocalypso.com\/fr\/wp-json\/wp\/v2\/product_tag?post=77731"}],"curies":[{"name":"wp","href":"https:\/\/api.w.org\/{rel}","templated":true}]}}