{"id":83683,"date":"2019-06-29T12:02:11","date_gmt":"2019-06-29T12:02:11","guid":{"rendered":"https:\/\/studiocalypso.com\/?post_type=product&#038;p=83683"},"modified":"2021-06-23T02:49:45","modified_gmt":"2021-06-23T00:49:45","slug":"le-crm-de-la-paix-du-gateau","status":"publish","type":"product","link":"https:\/\/studiocalypso.com\/fr\/produit\/le-crm-de-la-paix-du-gateau\/","title":{"rendered":"Le CRM en toute s\u00e9r\u00e9nit\u00e9"},"content":{"rendered":"","protected":false},"excerpt":{"rendered":"","protected":false},"featured_media":0,"comment_status":"open","ping_status":"closed","template":"","meta":{"wds_primary_product_brand":0,"wds_primary_product_cat":0,"wds_primary_pa_mailing-limit":0,"wds_primary_pa_size":0,"wds_primary_pa_woocommerce-extension":0},"product_brand":[],"product_cat":[80,297],"product_tag":[],"class_list":{"0":"post-83683","1":"product","2":"type-product","3":"status-publish","5":"product_cat-uncategorized","6":"product_cat-extensions","8":"first","9":"instock","10":"downloadable","11":"virtual","12":"taxable","13":"purchasable","14":"product-type-simple"},"_links":{"self":[{"href":"https:\/\/studiocalypso.com\/fr\/wp-json\/wp\/v2\/product\/83683","targetHints":{"allow":["GET"]}}],"collection":[{"href":"https:\/\/studiocalypso.com\/fr\/wp-json\/wp\/v2\/product"}],"about":[{"href":"https:\/\/studiocalypso.com\/fr\/wp-json\/wp\/v2\/types\/product"}],"replies":[{"embeddable":true,"href":"https:\/\/studiocalypso.com\/fr\/wp-json\/wp\/v2\/comments?post=83683"}],"wp:attachment":[{"href":"https:\/\/studiocalypso.com\/fr\/wp-json\/wp\/v2\/media?parent=83683"}],"wp:term":[{"taxonomy":"product_brand","embeddable":true,"href":"https:\/\/studiocalypso.com\/fr\/wp-json\/wp\/v2\/product_brand?post=83683"},{"taxonomy":"product_cat","embeddable":true,"href":"https:\/\/studiocalypso.com\/fr\/wp-json\/wp\/v2\/product_cat?post=83683"},{"taxonomy":"product_tag","embeddable":true,"href":"https:\/\/studiocalypso.com\/fr\/wp-json\/wp\/v2\/product_tag?post=83683"}],"curies":[{"name":"wp","href":"https:\/\/api.w.org\/{rel}","templated":true}]}}